{"id":5042,"date":"2017-11-08T13:57:30","date_gmt":"2017-11-08T13:57:30","guid":{"rendered":"http:\/\/www.ae3d.com.br\/site\/?page_id=5042"},"modified":"2018-08-03T13:58:28","modified_gmt":"2018-08-03T13:58:28","slug":"simplify3d","status":"publish","type":"page","link":"https:\/\/www.ae3d.com.br\/site\/simplify3d\/","title":{"rendered":"Simplify 3D"},"content":{"rendered":"[vc_row][vc_column width=&#8221;1\/2&#8243;]<div class=\"wpb_content_element \"><style type=\"text\/css\" scoped>#ut_header_69e03d640a22a h2 span { color:#3e4095; }#ut_header_69e03d640a22a.pt-style-2 .page-title:after, #ut_header_69e03d640a22a.pt-style-2 .parallax-title:after, #ut_header_69e03d640a22a.pt-style-2 .section-title:after {background-color: #3e4095;height: ;width: ;}<\/style><header id=\"ut_header_69e03d640a22a\" class=\"section-header pt-style-2 header-left\"><h2 class=\"section-title\"><span>SOFTWARE<\/span><\/h2><div class=\"lead\"><p>Melhore sua qualidade de impress\u00e3o com o software de impress\u00e3o 3D mais poderoso dispon\u00edvel. Simplify3D\u00ae Software fornece controle completo sobre suas configura\u00e7\u00f5es de impress\u00e3o, tornando mais f\u00e1cil do que nunca criar impress\u00f5es em 3D de alta qualidade.<\/p>\n<p>Conhe\u00e7a abaixo algumas vantagens do Simplify3D\u00ae Software<\/p>\n<\/div><\/header><\/div>[\/vc_column][vc_column width=&#8221;1\/2&#8243; css=&#8221;.vc_custom_1503406366478{padding-left: 10px !important;}&#8221;][vc_single_image image=&#8221;5036&#8243; img_size=&#8221;609&#215;397&#8243; alignment=&#8221;center&#8221;][\/vc_column][\/vc_row][vc_row gap=&#8221;15&#8243; equal_height=&#8221;yes&#8221; content_placement=&#8221;middle&#8221; bklyn_overlay=&#8221;true&#8221; background_position=&#8221;right center&#8221; background_attachment=&#8221;inherit&#8221; hide_bg_medium=&#8221;true&#8221; hide_bg_tablet=&#8221;true&#8221; hide_bg_mobile=&#8221;true&#8221; css=&#8221;.vc_custom_1510155695414{background-color: #262893 !important;background-position: center !important;background-repeat: no-repeat !important;background-size: cover !important;}&#8221; bklyn_overlay_color=&#8221;#0c094c&#8221;][vc_column][vc_empty_space height=&#8221;30px&#8221;]<div class=\"wpb_content_element \"><style type=\"text\/css\" scoped>#ut_header_69e03d640a39f h2 span { color:#ffffff; }#ut_header_69e03d640a39f .lead { color:#ffffff; }#ut_header_69e03d640a39f .lead p { color:#ffffff; }#ut_header_69e03d640a39f.pt-style-2 .page-title:after, #ut_header_69e03d640a39f.pt-style-2 .parallax-title:after, #ut_header_69e03d640a39f.pt-style-2 .section-title:after {background-color: #ffffff;height: ;width: ;}<\/style><header id=\"ut_header_69e03d640a39f\" class=\"section-header pt-style-2 header-left\"><h2 class=\"section-title\"><span>VANTAGENS<\/span><\/h2><div class=\"lead\"><p>O Simplify3D\u00ae Software \u00e9 um dos programas de fatiamento mais famosos no mundo atualmente, o seu uso em conjunto com as impressoras da AE3D ir\u00e1 te proporcionar uma melhor experi\u00eancia no mundo 3D.<\/p>\n<\/div><\/header><\/div>[vc_row_inner][vc_column_inner width=&#8221;1\/4&#8243;]<div  class=\"wpb_content_element   clearfix\"><style type=\"text\/css\" scoped>#ut_am_69e03d640a730 { opacity: 1; }<\/style><div id=\"ut_am_wrap_69e03d640a731\" class=\"ut-image-gallery-image \" style=\"text-align:center;\"><div class=\"ut-animated-image-item ut-image-gallery-item ut-animation-done\"><a class=\"ut-deactivated-link\" href=\"#\"><img id=\"ut_am_69e03d640a730\" style=\"\" src=\"https:\/\/www.ae3d.com.br\/site\/wp-content\/uploads\/2017\/11\/vantagens02.png\" width=\"139\" height=\"139\" alt=\"\"\/><\/a><\/div><\/div><\/div><div  class=\"wpb_content_element   clearfix\"><style type=\"text\/css\" scoped>#ut_am_69e03d640a8e7 { opacity: 1; }<\/style><div id=\"ut_am_wrap_69e03d640a8e8\" class=\"ut-image-gallery-image \" style=\"text-align:center;\"><div class=\"ut-animated-image-item ut-image-gallery-item ut-animation-done\"><a class=\"ut-deactivated-link\" href=\"#\"><img id=\"ut_am_69e03d640a8e7\" style=\"\" src=\"https:\/\/www.ae3d.com.br\/site\/wp-content\/uploads\/2017\/11\/vantagens03.png\" width=\"139\" height=\"140\" alt=\"\"\/><\/a><\/div><\/div><\/div><div  class=\"wpb_content_element   clearfix\"><style type=\"text\/css\" scoped>#ut_am_69e03d640aa58 { opacity: 1; }<\/style><div id=\"ut_am_wrap_69e03d640aa59\" class=\"ut-image-gallery-image \" style=\"text-align:center;\"><div class=\"ut-animated-image-item ut-image-gallery-item ut-animation-done\"><a class=\"ut-deactivated-link\" href=\"#\"><img id=\"ut_am_69e03d640aa58\" style=\"\" src=\"https:\/\/www.ae3d.com.br\/site\/wp-content\/uploads\/2017\/11\/vantagens04.png\" width=\"139\" height=\"139\" alt=\"\"\/><\/a><\/div><\/div><\/div><div  class=\"wpb_content_element   clearfix\"><style type=\"text\/css\" scoped>#ut_am_69e03d640abd2 { opacity: 1; }<\/style><div id=\"ut_am_wrap_69e03d640abd3\" class=\"ut-image-gallery-image \" style=\"text-align:center;\"><div class=\"ut-animated-image-item ut-image-gallery-item ut-animation-done\"><a class=\"ut-deactivated-link\" href=\"#\"><img id=\"ut_am_69e03d640abd2\" style=\"\" src=\"https:\/\/www.ae3d.com.br\/site\/wp-content\/uploads\/2017\/11\/vantagens06.png\" width=\"139\" height=\"140\" alt=\"\"\/><\/a><\/div><\/div><\/div><div  class=\"wpb_content_element   clearfix\"><style type=\"text\/css\" scoped>#ut_am_69e03d640ad58 { opacity: 1; }<\/style><div id=\"ut_am_wrap_69e03d640ad59\" class=\"ut-image-gallery-image \" style=\"text-align:center;\"><div class=\"ut-animated-image-item ut-image-gallery-item ut-animation-done\"><a class=\"ut-deactivated-link\" href=\"#\"><img id=\"ut_am_69e03d640ad58\" style=\"\" src=\"https:\/\/www.ae3d.com.br\/site\/wp-content\/uploads\/2017\/11\/vantagens05.png\" width=\"139\" height=\"139\" alt=\"\"\/><\/a><\/div><\/div><\/div><div  class=\"wpb_content_element   clearfix\"><style type=\"text\/css\" scoped>#ut_am_69e03d640aee0 { opacity: 1; }<\/style><div id=\"ut_am_wrap_69e03d640aee1\" class=\"ut-image-gallery-image \" style=\"text-align:center;\"><div class=\"ut-animated-image-item ut-image-gallery-item ut-animation-done\"><a class=\"ut-deactivated-link\" href=\"#\"><img id=\"ut_am_69e03d640aee0\" style=\"\" src=\"https:\/\/www.ae3d.com.br\/site\/wp-content\/uploads\/2017\/11\/vantagens07.png\" width=\"139\" height=\"139\" alt=\"\"\/><\/a><\/div><\/div><\/div>[\/vc_column_inner][vc_column_inner width=&#8221;3\/4&#8243;]<div class=\"wpb_content_element \"><style type=\"text\/css\" scoped>#ut_header_69e03d640af8d .lead { color:#ffffff; }#ut_header_69e03d640af8d .lead p { color:#ffffff; }#ut_header_69e03d640af8d.pt-style-2 .page-title:after, #ut_header_69e03d640af8d.pt-style-2 .parallax-title:after, #ut_header_69e03d640af8d.pt-style-2 .section-title:after {background-color: ;height: ;width: ;}<\/style><header id=\"ut_header_69e03d640af8d\" class=\"section-header pt-style-2 header-left\"><div class=\"lead\"><p>FATIADOR DE ALTA PERFORMANCE<br \/>\n\u2022 Simplify3D\u00ae Software atualmente \u00e9 o mais r\u00e1pido fatiador para impressora 3D<br \/>\n\u2022 Algor\u00edtimos de alto desempenho<\/p>\n<\/div><\/header><\/div><div class=\"wpb_content_element \"><style type=\"text\/css\" scoped>#ut_header_69e03d640b013 .lead { color:#ffffff; }#ut_header_69e03d640b013 .lead p { color:#ffffff; }#ut_header_69e03d640b013.pt-style-2 .page-title:after, #ut_header_69e03d640b013.pt-style-2 .parallax-title:after, #ut_header_69e03d640b013.pt-style-2 .section-title:after {background-color: ;height: ;width: ;}<\/style><header id=\"ut_header_69e03d640b013\" class=\"section-header pt-style-2 header-left\"><div class=\"lead\"><p>SUPORTES CUSTOMIZAVEIS<br \/>\n\u2022 A ferramenta de suporte permite a adi\u00e7\u00e3o de suportes na posi\u00e7\u00e3o necess\u00e1ria<br \/>\n\u2022 Controle de tamanho e densidade para otimizar uso de material e tempo de impress\u00e3o.<br \/>\n\u2022 Suportes de f\u00e1cil remo\u00e7\u00e3o sem danificar o produto final.<br \/>\n\u2022 Possibilidade de impress\u00e3o de suportes sol\u00faveis nas maquinas equipadas com cabe\u00e7ote duplo<\/p>\n<\/div><\/header><\/div><div class=\"wpb_content_element \"><style type=\"text\/css\" scoped>#ut_header_69e03d640b08b .lead { color:#ffffff; }#ut_header_69e03d640b08b .lead p { color:#ffffff; }#ut_header_69e03d640b08b.pt-style-2 .page-title:after, #ut_header_69e03d640b08b.pt-style-2 .parallax-title:after, #ut_header_69e03d640b08b.pt-style-2 .section-title:after {background-color: ;height: ;width: ;}<\/style><header id=\"ut_header_69e03d640b08b\" class=\"section-header pt-style-2 header-left\"><div class=\"lead\"><p>VISUALIZA\u00c7\u00c3O ANIMADA<br \/>\n\u2022 \u00c9 poss\u00edvel assistir a anima\u00e7\u00e3o detalhado da impress\u00e3o da pe\u00e7a linha a linha ou camada a camada.<br \/>\n\u2022 Utilizando o modo de pre-visualiza\u00e7\u00e3o \u00e9 poss\u00edvel prever falhas e modifica-los antes da impress\u00e3o.<br \/>\n\u2022 Estimativa de tempo, custo e uso de material antes da impress\u00e3o 3D <\/p>\n<\/div><\/header><\/div><div class=\"wpb_content_element \"><style type=\"text\/css\" scoped>#ut_header_69e03d640b0ff .lead { color:#ffffff; }#ut_header_69e03d640b0ff .lead p { color:#ffffff; }#ut_header_69e03d640b0ff.pt-style-2 .page-title:after, #ut_header_69e03d640b0ff.pt-style-2 .parallax-title:after, #ut_header_69e03d640b0ff.pt-style-2 .section-title:after {background-color: ;height: ;width: ;}<\/style><header id=\"ut_header_69e03d640b0ff\" class=\"section-header pt-style-2 header-left\"><div class=\"lead\"><p>OTIMIZADO PARA MODO DUPLO CABE\u00c7OTE<br \/>\n\u2022 Utilize o modo de configura\u00e7\u00e3o r\u00e1pida para justar os par\u00e2metros de impress\u00e3o 3D com cabe\u00e7ote duplo.<br \/>\n\u2022 Crie barreiras ou pilares para limpeza dos bicos.<\/p>\n<\/div><\/header><\/div><div class=\"wpb_content_element \"><style type=\"text\/css\" scoped>#ut_header_69e03d640b171 .lead { color:#ffffff; }#ut_header_69e03d640b171 .lead p { color:#ffffff; }#ut_header_69e03d640b171.pt-style-2 .page-title:after, #ut_header_69e03d640b171.pt-style-2 .parallax-title:after, #ut_header_69e03d640b171.pt-style-2 .section-title:after {background-color: ;height: ;width: ;}<\/style><header id=\"ut_header_69e03d640b171\" class=\"section-header pt-style-2 header-left\"><div class=\"lead\"><p>F\u00c1CIL INSTALA\u00c7\u00c3O<br \/>\n\u2022 R\u00e1pido inicio de trabalho utilizando as configura\u00e7\u00f5es originais da AE3D<br \/>\n\u2022 Assistentes para descobrir novas e poderossas t\u00e9cnicas<br \/>\n\u2022 Dispon\u00edvel em v\u00e1rios idiomas<\/p>\n<\/div><\/header><\/div><div class=\"wpb_content_element \"><style type=\"text\/css\" scoped>#ut_header_69e03d640b1e3 .lead { color:#ffffff; }#ut_header_69e03d640b1e3 .lead p { color:#ffffff; }#ut_header_69e03d640b1e3.pt-style-2 .page-title:after, #ut_header_69e03d640b1e3.pt-style-2 .parallax-title:after, #ut_header_69e03d640b1e3.pt-style-2 .section-title:after {background-color: ;height: ;width: ;}<\/style><header id=\"ut_header_69e03d640b1e3\" class=\"section-header pt-style-2 header-left\"><div class=\"lead\"><p>SISTEMA AVAN\u00c7ADO DE IMPRESS\u00c3O DE M\u00daLTIPLAS PE\u00c7AS<br \/>\n\u2022 Otimize a utiliza\u00e7\u00e3o da \u00e1rea \u00fatil da mesa, com a impress\u00e3o de varias pe\u00e7as simultaneamente<br \/>\n\u2022 Utilize diferentes configura\u00e7\u00f5es para cada pe\u00e7a ou grupo de pe\u00e7as<br \/>\n\u2022 Utilize diversas configura\u00e7\u00f5es em um mesmo modelo para otimizar ao m\u00e1ximo sua impress\u00e3o 3D<\/p>\n<\/div><\/header><\/div>[\/vc_column_inner][\/vc_row_inner][vc_empty_space height=&#8221;30px&#8221;][\/vc_column][\/vc_row][vc_row][vc_column][vc_empty_space height=&#8221;50px&#8221;][vc_row_inner][vc_column_inner width=&#8221;1\/2&#8243;][vc_raw_html]JTNDaDUlMjBhbGlnbiUzRCUyMmxlZnQlMjIlM0UlM0Nmb250JTIwY29sb3IlM0QlMjIlMjNGNTg2MzQlMjIlM0UlMEFSZXF1aXNpdG9zJTIwbSVDMyVBRG5pbW9zJTIwZGUlMjBjb21wdXRhZG9yJTIwZSUyMHNpc3RlbWElMjBvcGVyYWNpb25hbCUzQSUzQyUyRmgyJTNFJTNDJTJGZm9udCUzRQ==[\/vc_raw_html]<div class=\"wpb_content_element \"><style type=\"text\/css\" scoped>#ut_header_69e03d640b255.pt-style-2 .page-title:after, #ut_header_69e03d640b255.pt-style-2 .parallax-title:after, #ut_header_69e03d640b255.pt-style-2 .section-title:after {background-color: ;height: ;width: ;}<\/style><header id=\"ut_header_69e03d640b255\" class=\"section-header pt-style-2 header-left\"><div class=\"lead\"><p>\u2022 Intel Pentium 4 ou superior;<br \/>\n\u2022 2MB de mem\u00f3ria RAM (ou maior);<br \/>\n\u2022 Windows XP ou superior;<br \/>\n\u2022 Mac OS X 10.6 ou superior;<br \/>\n\u2022 Ubuntu Linux 12.10 ou superior;<br \/>\n\u2022 Sistema compat\u00edvel OpenGL 2.0;<br \/>\n\u2022 Conex\u00e3o com internet, para instala\u00e7\u00e3o do software;<\/p>\n<\/div><\/header><\/div>[\/vc_column_inner][vc_column_inner width=&#8221;1\/2&#8243;][vc_raw_html]JTNDaDIlMjBhbGlnbiUzRCUyMmxlZnQlMjIlM0UlM0Nmb250JTIwY29sb3IlM0QlMjIlMjMzRTQwOTUlMjIlM0UlMEFOYSUyMGNvbXByYSUyMGRlJTIwdW1hJTIwbSVDMyVBMXF1aW5hJTIwdm9jJUMzJUFBJTIwZ2FuaGElMjB1bSUyMGN1cnNvJTIwZGUlMjBwcm9ncmFtYSVDMyVBNyVDMyVBM28lMjBkZSUyMGltcHJlc3MlQzMlQTNvJTIwM0QlMjBlJTIwdW1hJTIwTElDRU4lQzMlODdBJTIwZG8lMjBwb2Rlcm9zbyUyMFNpbXBsaWZ5M0QlQzIlQUUlMjBTb2Z0d2FyZSUyMHF1ZSUyMGlyJUMzJUExJTIwYWp1ZCVDMyVBMS1sbyUyMGElMjBvYnRlciUyMGV4Y2VsZW50ZXMlMjByZXN1bHRhZG9zLiUzQyUyRmgyJTNFJTNDJTJGZm9udCUzRQ==[\/vc_raw_html][vc_raw_html]JTNDYSUyMGhyZWYlM0QlMjJodHRwcyUzQSUyRiUyRnd3dy5zaW1wbGlmeTNkLmNvbSUyRiUyMiUyMHRhcmdldCUzRCUyMl9ibGFuayUyMiUzRSUwQSUzRSUzRSUyMFNpdGUlMjBvZmljaWFsJTIwZG8lMjBTaW1wbGlmeTNEJUMyJUFFJTIwU29mdHdhcmUlM0MlMkZhJTNF[\/vc_raw_html][\/vc_column_inner][\/vc_row_inner][\/vc_column][\/vc_row][vc_row][vc_column][vc_raw_html]JTNDY2VudGVyJTNFJTNDaW1nJTIwc3JjJTNEJTIyaHR0cCUzQSUyRiUyRnd3dy5hZTNkLmNvbS5iciUyRnNpdGUlMkZ3cC1jb250ZW50JTJGdXBsb2FkcyUyRjIwMTclMkYwOCUyRmRpdmlzYW8wMy5wbmclMjIlM0UlM0MlMkZjZW50ZXIlM0U=[\/vc_raw_html][\/vc_column][\/vc_row][vc_section][vc_row][vc_column width=&#8221;1\/4&#8243;][vc_raw_html css=&#8221;.vc_custom_1533243445338{margin-bottom: 0px !important;border-bottom-width: 0px !important;padding-bottom: 0px !important;}&#8221;]JTNDaW1nJTIwc3JjJTNEJTIyaHR0cCUzQSUyRiUyRnd3dy5hZTNkLmNvbS5iciUyRnNpdGUlMkZ3cC1jb250ZW50JTJGdXBsb2FkcyUyRjIwMTclMkYwOCUyRmxvZ29yb2RhcGUucG5nJTIyJTNF[\/vc_raw_html]<div class=\"wpb_content_element  vc_custom_1533241277264\"><style class=\"bklyn-inline-styles\" type=\"text\/css\" scoped>#ut_sf_69e03d640b28a li a i { color: #3e4095; }#ut_sf_69e03d640b28a li a:hover i { color: #dd8e18; }#ut_sf_69e03d640b28a li a:focus i { color: #dd8e18; }#ut_sf_69e03d640b28a { font-size: 22px; }<\/style><ul id=\"ut_sf_69e03d640b28a\" class=\"ut-social-follow-module  ut-social-follow-module-left ut-social-follow-module-20\"><li class=\"ut-social-follow-0 ut-social-follow-icon-only\"><a title=\"\/ae3d.com.br\" href=\"https:\/\/www.facebook.com\/ae3d.com.br\/\" target=\" _blank\" ><i class=\"fa fa-facebook\"><\/i><\/a><\/li><li class=\"ut-social-follow-1 ut-social-follow-icon-only\"><a title=\"\/impressorasae3d\" href=\"https:\/\/www.instagram.com\/impressorasae3d\" target=\" _blank\" ><i class=\"fa fa-instagram\"><\/i><\/a><\/li><li class=\"ut-social-follow-2 ut-social-follow-icon-only\"><a title=\"Youtube\" href=\"https:\/\/www.youtube.com\/channel\/UC0t4Z7mnZJLShTyPWRdWASQ\" target=\"_self\" ><i class=\"fa fa-youtube-play\"><\/i><\/a><\/li><\/ul><\/div>[\/vc_column][vc_column width=&#8221;1\/4&#8243;][vc_raw_html css=&#8221;.vc_custom_1533243078503{margin-bottom: 0px !important;border-bottom-width: 0px !important;padding-bottom: 0px !important;}&#8221;]JTNDY2VudGVyJTNFJTNDaW1nJTIwc3JjJTNEJTIyaHR0cCUzQSUyRiUyRnd3dy5hZTNkLmNvbS5iciUyRnNpdGUlMkZ3cC1jb250ZW50JTJGdXBsb2FkcyUyRjIwMTclMkYwOCUyRnRleHRvcm9kYXBlMDEucG5nJTIyJTNFJTNDJTJGY2VudGVyJTNF[\/vc_raw_html][\/vc_column][vc_column width=&#8221;1\/4&#8243;][vc_raw_html css=&#8221;.vc_custom_1533241167508{margin-bottom: 0px !important;border-bottom-width: 0px !important;padding-bottom: 0px !important;}&#8221;]JTNDY2VudGVyJTNFJTNDaW1nJTIwc3JjJTNEJTIyaHR0cCUzQSUyRiUyRnd3dy5hZTNkLmNvbS5iciUyRnNpdGUlMkZ3cC1jb250ZW50JTJGdXBsb2FkcyUyRjIwMTglMkYwNyUyRmhvcmFyaW9fcm9kYXBlMDEucG5nJTIyJTNFJTBBJTNDJTJGY2VudGVyJTNF[\/vc_raw_html][\/vc_column][vc_column width=&#8221;1\/4&#8243;][vc_custom_heading text=&#8221;\u25bc R. Higyno Guilherme Costato, 530, Jd. Pinheiros, Valinhos \u2013 SP &#8221; font_container=&#8221;tag:p|font_size:14px|text_align:left|color:%233e4095&#8243; google_fonts=&#8221;font_family:Open%20Sans%3A300%2C300italic%2Cregular%2Citalic%2C600%2C600italic%2C700%2C700italic%2C800%2C800italic|font_style:600%20bold%20regular%3A600%3Anormal&#8221; css=&#8221;.vc_custom_1533304682656{margin-bottom: 0px !important;border-bottom-width: 0px !important;padding-bottom: 0px !important;}&#8221;][vc_custom_heading text=&#8221;\u2706 19 3327.4655&#8243; font_container=&#8221;tag:p|font_size:14px|text_align:left|color:%233e4095&#8243; google_fonts=&#8221;font_family:Open%20Sans%3A300%2C300italic%2Cregular%2Citalic%2C600%2C600italic%2C700%2C700italic%2C800%2C800italic|font_style:600%20bold%20regular%3A600%3Anormal&#8221; css=&#8221;.vc_custom_1533304693232{margin-top: 0px !important;margin-bottom: 0px !important;border-top-width: 0px !important;border-bottom-width: 0px !important;padding-top: 8px !important;padding-bottom: 0px !important;}&#8221;][vc_custom_heading text=&#8221;\u2709 contato@ae3d.com.br&#8221; font_container=&#8221;tag:p|font_size:14px|text_align:left|color:%233e4095&#8243; google_fonts=&#8221;font_family:Open%20Sans%3A300%2C300italic%2Cregular%2Citalic%2C600%2C600italic%2C700%2C700italic%2C800%2C800italic|font_style:600%20bold%20regular%3A600%3Anormal&#8221; css=&#8221;.vc_custom_1533304704882{margin-top: 0px !important;margin-bottom: 0px !important;border-top-width: 0px !important;border-bottom-width: 0px !important;padding-top: 8px !important;padding-bottom: 0px !important;}&#8221;][\/vc_column][\/vc_row][\/vc_section]\n","protected":false},"excerpt":{"rendered":"<p>[vc_row][vc_column width=&#8221;1\/2&#8243;][\/vc_column][vc_column width=&#8221;1\/2&#8243; css=&#8221;.vc_custom_1503406366478{padding-left: 10px !important;}&#8221;][vc_single_image image=&#8221;5036&#8243; img_size=&#8221;609&#215;397&#8243; alignment=&#8221;center&#8221;][\/vc_column][\/vc_row][vc_row gap=&#8221;15&#8243; equal_height=&#8221;yes&#8221; content_placement=&#8221;middle&#8221; bklyn_overlay=&#8221;true&#8221; background_position=&#8221;right center&#8221; background_attachment=&#8221;inherit&#8221; hide_bg_medium=&#8221;true&#8221; hide_bg_tablet=&#8221;true&#8221; hide_bg_mobile=&#8221;true&#8221; css=&#8221;.vc_custom_1510155695414{background-color: #262893 !important;background-position: center !important;background-repeat: no-repeat !important;background-size: cover !important;}&#8221; bklyn_overlay_color=&#8221;#0c094c&#8221;][vc_column][vc_empty_space height=&#8221;30px&#8221;][vc_row_inner][vc_column_inner width=&#8221;1\/4&#8243;][\/vc_column_inner][vc_column_inner width=&#8221;3\/4&#8243;][\/vc_column_inner][\/vc_row_inner][vc_empty_space height=&#8221;30px&#8221;][\/vc_column][\/vc_row][vc_row][vc_column][vc_empty_space height=&#8221;50px&#8221;][vc_row_inner][vc_column_inner width=&#8221;1\/2&#8243;][vc_raw_html]JTNDaDUlMjBhbGlnbiUzRCUyMmxlZnQlMjIlM0UlM0Nmb250JTIwY29sb3IlM0QlMjIlMjNGNTg2MzQlMjIlM0UlMEFSZXF1aXNpdG9zJTIwbSVDMyVBRG5pbW9zJTIwZGUlMjBjb21wdXRhZG9yJTIwZSUyMHNpc3RlbWElMjBvcGVyYWNpb25hbCUzQSUzQyUyRmgyJTNFJTNDJTJGZm9udCUzRQ==[\/vc_raw_html][\/vc_column_inner][vc_column_inner width=&#8221;1\/2&#8243;][vc_raw_html]JTNDaDIlMjBhbGlnbiUzRCUyMmxlZnQlMjIlM0UlM0Nmb250JTIwY29sb3IlM0QlMjIlMjMzRTQwOTUlMjIlM0UlMEFOYSUyMGNvbXByYSUyMGRlJTIwdW1hJTIwbSVDMyVBMXF1aW5hJTIwdm9jJUMzJUFBJTIwZ2FuaGElMjB1bSUyMGN1cnNvJTIwZGUlMjBwcm9ncmFtYSVDMyVBNyVDMyVBM28lMjBkZSUyMGltcHJlc3MlQzMlQTNvJTIwM0QlMjBlJTIwdW1hJTIwTElDRU4lQzMlODdBJTIwZG8lMjBwb2Rlcm9zbyUyMFNpbXBsaWZ5M0QlQzIlQUUlMjBTb2Z0d2FyZSUyMHF1ZSUyMGlyJUMzJUExJTIwYWp1ZCVDMyVBMS1sbyUyMGElMjBvYnRlciUyMGV4Y2VsZW50ZXMlMjByZXN1bHRhZG9zLiUzQyUyRmgyJTNFJTNDJTJGZm9udCUzRQ==[\/vc_raw_html][vc_raw_html]JTNDYSUyMGhyZWYlM0QlMjJodHRwcyUzQSUyRiUyRnd3dy5zaW1wbGlmeTNkLmNvbSUyRiUyMiUyMHRhcmdldCUzRCUyMl9ibGFuayUyMiUzRSUwQSUzRSUzRSUyMFNpdGUlMjBvZmljaWFsJTIwZG8lMjBTaW1wbGlmeTNEJUMyJUFFJTIwU29mdHdhcmUlM0MlMkZhJTNF[\/vc_raw_html][\/vc_column_inner][\/vc_row_inner][\/vc_column][\/vc_row][vc_row][vc_column][vc_raw_html]JTNDY2VudGVyJTNFJTNDaW1nJTIwc3JjJTNEJTIyaHR0cCUzQSUyRiUyRnd3dy5hZTNkLmNvbS5iciUyRnNpdGUlMkZ3cC1jb250ZW50JTJGdXBsb2FkcyUyRjIwMTclMkYwOCUyRmRpdmlzYW8wMy5wbmclMjIlM0UlM0MlMkZjZW50ZXIlM0U=[\/vc_raw_html][\/vc_column][\/vc_row][vc_section][vc_row][vc_column width=&#8221;1\/4&#8243;][vc_raw_html css=&#8221;.vc_custom_1533243445338{margin-bottom: 0px !important;border-bottom-width: 0px !important;padding-bottom: 0px !important;}&#8221;]JTNDaW1nJTIwc3JjJTNEJTIyaHR0cCUzQSUyRiUyRnd3dy5hZTNkLmNvbS5iciUyRnNpdGUlMkZ3cC1jb250ZW50JTJGdXBsb2FkcyUyRjIwMTclMkYwOCUyRmxvZ29yb2RhcGUucG5nJTIyJTNF[\/vc_raw_html][\/vc_column][vc_column width=&#8221;1\/4&#8243;][vc_raw_html css=&#8221;.vc_custom_1533243078503{margin-bottom: 0px !important;border-bottom-width: 0px !important;padding-bottom: 0px !important;}&#8221;]JTNDY2VudGVyJTNFJTNDaW1nJTIwc3JjJTNEJTIyaHR0cCUzQSUyRiUyRnd3dy5hZTNkLmNvbS5iciUyRnNpdGUlMkZ3cC1jb250ZW50JTJGdXBsb2FkcyUyRjIwMTclMkYwOCUyRnRleHRvcm9kYXBlMDEucG5nJTIyJTNFJTNDJTJGY2VudGVyJTNF[\/vc_raw_html][\/vc_column][vc_column width=&#8221;1\/4&#8243;][vc_raw_html css=&#8221;.vc_custom_1533241167508{margin-bottom: 0px [&hellip;]<\/p>\n","protected":false},"author":1,"featured_media":0,"parent":0,"menu_order":0,"comment_status":"closed","ping_status":"closed","template":"","meta":{"_monsterinsights_skip_tracking":false,"_monsterinsights_sitenote_active":false,"_monsterinsights_sitenote_note":"","_monsterinsights_sitenote_category":0,"footnotes":""},"_links":{"self":[{"href":"https:\/\/www.ae3d.com.br\/site\/wp-json\/wp\/v2\/pages\/5042"}],"collection":[{"href":"https:\/\/www.ae3d.com.br\/site\/wp-json\/wp\/v2\/pages"}],"about":[{"href":"https:\/\/www.ae3d.com.br\/site\/wp-json\/wp\/v2\/types\/page"}],"author":[{"embeddable":true,"href":"https:\/\/www.ae3d.com.br\/site\/wp-json\/wp\/v2\/users\/1"}],"replies":[{"embeddable":true,"href":"https:\/\/www.ae3d.com.br\/site\/wp-json\/wp\/v2\/comments?post=5042"}],"version-history":[{"count":17,"href":"https:\/\/www.ae3d.com.br\/site\/wp-json\/wp\/v2\/pages\/5042\/revisions"}],"predecessor-version":[{"id":5326,"href":"https:\/\/www.ae3d.com.br\/site\/wp-json\/wp\/v2\/pages\/5042\/revisions\/5326"}],"wp:attachment":[{"href":"https:\/\/www.ae3d.com.br\/site\/wp-json\/wp\/v2\/media?parent=5042"}],"curies":[{"name":"wp","href":"https:\/\/api.w.org\/{rel}","templated":true}]}}